{"id":32667,"date":"2017-04-29T23:15:42","date_gmt":"2017-04-29T21:15:42","guid":{"rendered":"https:\/\/globepharmadubai.com\/services\/"},"modified":"2024-02-17T14:14:22","modified_gmt":"2024-02-17T12:14:22","slug":"services","status":"publish","type":"page","link":"https:\/\/globepharmadubai.com\/fr\/services\/","title":{"rendered":"Services"},"content":{"rendered":"<section class=\"wpb-content-wrapper\"><p>[vc_row][vc_column width=&#8221;1\/6&#8243;][\/vc_column][vc_column width=&#8221;2\/3&#8243;][vc_custom_heading text=&#8221;EN SAVOIR PLUS SUR NOS SERVICES&#8221; font_container=&#8221;tag:h1|text_align:center|color:%23167c8c&#8221; use_theme_fonts=&#8221;yes&#8221; css_animation=&#8221;zoomIn&#8221;][\/vc_column][vc_column width=&#8221;1\/6&#8243;][\/vc_column][\/vc_row][vc_row bg_type=&#8221;bg_color&#8221; bg_override=&#8221;full&#8221; animation_type=&#8221;h&#8221; horizontal_animation=&#8221;left-animation&#8221; vertical_animation=&#8221;top-animation&#8221; padding_top=&#8221;60px&#8221;][vc_column width=&#8221;1\/3&#8243;]<div data-id=\"mpc_callout-869e46d4ad58a2\" class=\"mpc-callout mpc-init mpc-callout--style_3 \" ><div class=\"mpc-callout__icon-wrap mpc-icon--image\"><div class=\"mpc-callout__icon\"><i class=\"mpc-transition \"><img loading=\"lazy\" decoding=\"async\" class=\"\" src=\"https:\/\/globepharmadubai.com\/wp-content\/uploads\/2024\/01\/services-1.jpg\" width=\"274\" height=\"184\" alt=\"services-1\" title=\"services-1\" \/><\/i><\/div><\/div><div class=\"mpc-callout__content\"><div data-id=\"mpc_divider-6169e46d4ad590c\" class=\"mpc-divider-wrap\"><div class=\"mpc-divider mpc-init mpc-align--center mpc-disable--left \" ><div class=\"mpc-divider__line mpc-side--left\"><span><\/span><\/div><div class=\"mpc-divider__line mpc-side--right\"><span><\/span><\/div><\/div><\/div><h3 class=\"mpc-callout__heading\">Commerce de gros international<\/h3><div class=\"mpc-callout__description\"><p><strong>Nous sommes sp\u00e9cialis\u00e9s dans l&#8217;importation et l&#8217;exportation de produits pharmaceutiques, d&#8217;\u00e9quipements m\u00e9dicaux et de compl\u00e9ments alimentaires \u00e0 l&#8217;\u00e9chelle internationale. Notre solide r\u00e9seau facilite les transactions en toute transparence, garantissant que les produits m\u00e9dicaux de haute qualit\u00e9 parviennent \u00e0 destination dans le monde entier.<\/strong><\/p>\n<\/div><\/div><div class=\"mpc-callout__button\"><a href=\"https:\/\/globepharmadubai.com\/send-email\/\" target=\"_blank\" title=\"Link\"  data-id=\"mpc_button-5069e46d4ad58e5\" class=\"mpc-button mpc-init mpc-transition \" ><div class=\"mpc-button__content mpc-effect-type--none mpc-effect-side--none\"><span class=\"mpc-button__title mpc-transition\">Nous contacter<\/span><\/div><div class=\"mpc-button__background mpc-transition mpc-effect-type--slide mpc-effect-side--top\"><\/div><\/a><\/div><\/div>[\/vc_column][vc_column width=&#8221;1\/3&#8243;]<div data-id=\"mpc_callout-7969e46d4ad5ca5\" class=\"mpc-callout mpc-init mpc-callout--style_3 \" ><div class=\"mpc-callout__icon-wrap mpc-icon--image\"><div class=\"mpc-callout__icon\"><i class=\"mpc-transition \"><img loading=\"lazy\" decoding=\"async\" class=\"\" src=\"https:\/\/globepharmadubai.com\/wp-content\/uploads\/2024\/01\/services-2.jpg\" width=\"274\" height=\"184\" alt=\"services-2\" title=\"services-2\" \/><\/i><\/div><\/div><div class=\"mpc-callout__content\"><div data-id=\"mpc_divider-4769e46d4ad5ce2\" class=\"mpc-divider-wrap\"><div class=\"mpc-divider mpc-init mpc-align--center mpc-disable--left \" ><div class=\"mpc-divider__line mpc-side--left\"><span><\/span><\/div><div class=\"mpc-divider__line mpc-side--right\"><span><\/span><\/div><\/div><\/div><h3 class=\"mpc-callout__heading\">Services logistiques<\/h3><div class=\"mpc-callout__description\"><p><strong>Adapt\u00e9 aux besoins uniques du secteur m\u00e9dical, GPD offre des services logistiques sp\u00e9cialis\u00e9s pour le transport de produits pharmaceutiques. Nos processus d&#8217;exp\u00e9dition et de d\u00e9douanement efficaces et fiables contribuent \u00e0 la bonne circulation des produits m\u00e9dicaux dans le monde entier.<\/strong><\/p>\n<\/div><\/div><div class=\"mpc-callout__button\"><a href=\"https:\/\/globepharmadubai.com\/send-email\/\" target=\"_blank\" title=\"Link\"  data-id=\"mpc_button-869e46d4ad5ccb\" class=\"mpc-button mpc-init mpc-transition \" ><div class=\"mpc-button__content mpc-effect-type--none mpc-effect-side--none\"><span class=\"mpc-button__title mpc-transition\">Nous contacter<\/span><\/div><div class=\"mpc-button__background mpc-transition mpc-effect-type--slide mpc-effect-side--top\"><\/div><\/a><\/div><\/div>[\/vc_column][vc_column width=&#8221;1\/3&#8243;]<div data-id=\"mpc_callout-4769e46d4ad6019\" class=\"mpc-callout mpc-init mpc-callout--style_3 \" ><div class=\"mpc-callout__icon-wrap mpc-icon--image\"><div class=\"mpc-callout__icon\"><i class=\"mpc-transition \"><img loading=\"lazy\" decoding=\"async\" class=\"\" src=\"https:\/\/globepharmadubai.com\/wp-content\/uploads\/2024\/01\/images.jpg\" width=\"274\" height=\"184\" alt=\"images\" title=\"images\" \/><\/i><\/div><\/div><div class=\"mpc-callout__content\"><div data-id=\"mpc_divider-9069e46d4ad6053\" class=\"mpc-divider-wrap\"><div class=\"mpc-divider mpc-init mpc-align--center mpc-disable--left \" ><div class=\"mpc-divider__line mpc-side--left\"><span><\/span><\/div><div class=\"mpc-divider__line mpc-side--right\"><span><\/span><\/div><\/div><\/div><h3 class=\"mpc-callout__heading\">Label priv\u00e9<\/h3><div class=\"mpc-callout__description\"><p><strong>GPD est fi\u00e8re de fournir des services d&#8217;\u00e9tiquetage priv\u00e9, permettant aux clients d&#8217;obtenir des produits pharmaceutiques et des m\u00e9dicaments sous leur propre marque. Ce service est con\u00e7u pour r\u00e9pondre \u00e0 des exigences sp\u00e9cifiques en mati\u00e8re d&#8217;image de marque, offrant une touche personnalis\u00e9e aux m\u00e9dicaments fournis.<\/strong><\/p>\n<\/div><\/div><div class=\"mpc-callout__button\"><a href=\"https:\/\/globepharmadubai.com\/send-email\/\" target=\"_blank\" title=\"Link\"  data-id=\"mpc_button-6769e46d4ad603d\" class=\"mpc-button mpc-init mpc-transition \" ><div class=\"mpc-button__content mpc-effect-type--none mpc-effect-side--none\"><span class=\"mpc-button__title mpc-transition\">Nous contacter<\/span><\/div><div class=\"mpc-button__background mpc-transition mpc-effect-type--slide mpc-effect-side--top\"><\/div><\/a><\/div><\/div>[\/vc_column][\/vc_row][vc_row][vc_column][vc_empty_space height=&#8221;50px&#8221;][\/vc_column][\/vc_row][vc_row bg_type=&#8221;bg_color&#8221; bg_override=&#8221;full&#8221; animation_type=&#8221;h&#8221; horizontal_animation=&#8221;left-animation&#8221; vertical_animation=&#8221;top-animation&#8221; padding_top=&#8221;60px&#8221;][vc_column width=&#8221;1\/3&#8243;]<div data-id=\"mpc_callout-8569e46d4ad63cb\" class=\"mpc-callout mpc-init mpc-callout--style_3 \" ><div class=\"mpc-callout__icon-wrap mpc-icon--image\"><div class=\"mpc-callout__icon\"><i class=\"mpc-transition \"><img loading=\"lazy\" decoding=\"async\" class=\"\" src=\"https:\/\/globepharmadubai.com\/wp-content\/uploads\/2024\/01\/0268_637384354854216689-320x200.jpg\" width=\"320\" height=\"200\" alt=\"0268_637384354854216689\" title=\"0268_637384354854216689\" \/><\/i><\/div><\/div><div class=\"mpc-callout__content\"><div data-id=\"mpc_divider-1269e46d4ad6404\" class=\"mpc-divider-wrap\"><div class=\"mpc-divider mpc-init mpc-align--center mpc-disable--left \" ><div class=\"mpc-divider__line mpc-side--left\"><span><\/span><\/div><div class=\"mpc-divider__line mpc-side--right\"><span><\/span><\/div><\/div><\/div><h3 class=\"mpc-callout__heading\">Partenariats mondiaux<\/h3><div class=\"mpc-callout__description\"><p><strong>L&#8217;\u00e9tablissement de collaborations solides est un aspect essentiel des services de GPD. Nous passons des contrats avec des agents et des usines pharmaceutiques dans le monde entier, favorisant des partenariats qui renforcent notre port\u00e9e mondiale et contribuent \u00e0 la diversit\u00e9 et \u00e0 la qualit\u00e9 des produits pharmaceutiques que nous fournissons.<\/strong><\/p>\n<\/div><\/div><div class=\"mpc-callout__button\"><a href=\"https:\/\/globepharmadubai.com\/send-email\/\" target=\"_blank\" title=\"Link\"  data-id=\"mpc_button-5869e46d4ad63ee\" class=\"mpc-button mpc-init mpc-transition \" ><div class=\"mpc-button__content mpc-effect-type--none mpc-effect-side--none\"><span class=\"mpc-button__title mpc-transition\">Nous contacter<\/span><\/div><div class=\"mpc-button__background mpc-transition mpc-effect-type--slide mpc-effect-side--top\"><\/div><\/a><\/div><\/div>[\/vc_column][vc_column width=&#8221;1\/3&#8243;]<div data-id=\"mpc_callout-1969e46d4ad6787\" class=\"mpc-callout mpc-init mpc-callout--style_3 \" ><div class=\"mpc-callout__icon-wrap mpc-icon--image\"><div class=\"mpc-callout__icon\"><i class=\"mpc-transition \"><img loading=\"lazy\" decoding=\"async\" class=\"\" src=\"https:\/\/globepharmadubai.com\/wp-content\/uploads\/2024\/01\/supply-chain-320x200.jpg\" width=\"320\" height=\"200\" alt=\"supply-chain\" title=\"supply-chain\" \/><\/i><\/div><\/div><div class=\"mpc-callout__content\"><div data-id=\"mpc_divider-869e46d4ad67c1\" class=\"mpc-divider-wrap\"><div class=\"mpc-divider mpc-init mpc-align--center mpc-disable--left \" ><div class=\"mpc-divider__line mpc-side--left\"><span><\/span><\/div><div class=\"mpc-divider__line mpc-side--right\"><span><\/span><\/div><\/div><\/div><h3 class=\"mpc-callout__heading\">Solutions pour la cha\u00eene d&#039;approvisionnement<\/h3><div class=\"mpc-callout__description\"><p><strong>Les services complets de GPD s&#8217;\u00e9tendent aux complexit\u00e9s de la cha\u00eene d&#8217;approvisionnement pharmaceutique. En g\u00e9rant les processus d&#8217;importation et d&#8217;exportation, en respectant les exigences r\u00e9glementaires et en optimisant la logistique, nous assurons un flux de produits pharmaceutiques sans heurts et conformes, du fabricant \u00e0 l&#8217;utilisateur final.<\/strong><\/p>\n<\/div><\/div><div class=\"mpc-callout__button\"><a href=\"https:\/\/globepharmadubai.com\/send-email\/\" target=\"_blank\" title=\"Link\"  data-id=\"mpc_button-2469e46d4ad67ab\" class=\"mpc-button mpc-init mpc-transition \" ><div class=\"mpc-button__content mpc-effect-type--none mpc-effect-side--none\"><span class=\"mpc-button__title mpc-transition\">Nous contacter<\/span><\/div><div class=\"mpc-button__background mpc-transition mpc-effect-type--slide mpc-effect-side--top\"><\/div><\/a><\/div><\/div>[\/vc_column][vc_column width=&#8221;1\/3&#8243;]<div data-id=\"mpc_callout-2869e46d4ad6b48\" class=\"mpc-callout mpc-init mpc-callout--style_3 \" ><div class=\"mpc-callout__icon-wrap mpc-icon--image\"><div class=\"mpc-callout__icon\"><i class=\"mpc-transition \"><img loading=\"lazy\" decoding=\"async\" class=\"\" src=\"https:\/\/globepharmadubai.com\/wp-content\/uploads\/2024\/01\/Customer-Centric-Approach-320x200.jpg\" width=\"320\" height=\"200\" alt=\"Customer-Centric Approach\" title=\"Customer-Centric Approach\" \/><\/i><\/div><\/div><div class=\"mpc-callout__content\"><div data-id=\"mpc_divider-1269e46d4ad6b9a\" class=\"mpc-divider-wrap\"><div class=\"mpc-divider mpc-init mpc-align--center mpc-disable--left \" ><div class=\"mpc-divider__line mpc-side--left\"><span><\/span><\/div><div class=\"mpc-divider__line mpc-side--right\"><span><\/span><\/div><\/div><\/div><h3 class=\"mpc-callout__heading\">Approche centr\u00e9e sur le client<\/h3><div class=\"mpc-callout__description\"><p><strong>GPD met l&#8217;accent sur la compr\u00e9hension et la satisfaction des besoins de ses clients. Qu&#8217;il s&#8217;agisse de se procurer des produits pharmaceutiques sp\u00e9cifiques, de fournir des livraisons en temps voulu ou d&#8217;offrir des solutions personnalis\u00e9es, notre approche centr\u00e9e sur le client vise \u00e0 am\u00e9liorer l&#8217;exp\u00e9rience globale des soins de sant\u00e9.<\/strong><\/p>\n<\/div><\/div><div class=\"mpc-callout__button\"><a href=\"https:\/\/globepharmadubai.com\/send-email\/\" target=\"_blank\" title=\"Link\"  data-id=\"mpc_button-7869e46d4ad6b7b\" class=\"mpc-button mpc-init mpc-transition \" ><div class=\"mpc-button__content mpc-effect-type--none mpc-effect-side--none\"><span class=\"mpc-button__title mpc-transition\">Nous contacter<\/span><\/div><div class=\"mpc-button__background mpc-transition mpc-effect-type--slide mpc-effect-side--top\"><\/div><\/a><\/div><\/div>[\/vc_column][\/vc_row][vc_row content_placement=&#8221;middle&#8221; css=&#8221;.vc_custom_1640633297977{padding-top: 40px !important;}&#8221;][vc_column][vc_custom_heading text=&#8221;NOS PRINCIPES D&#8217;ACTION&#8221; font_container=&#8221;tag:h3|font_size:40px|text_align:center|color:%23167c8c|line_height:45px&#8221; use_theme_fonts=&#8221;yes&#8221;][vc_text_separator title=&#8221;&#8221; i_icon_fontawesome=&#8221;fas fa-random&#8221; i_color=&#8221;peacoc&#8221; i_size=&#8221;sm&#8221; color=&#8221;peacoc&#8221; el_width=&#8221;30&#8243; add_icon=&#8221;true&#8221;][vc_row_inner][vc_column_inner width=&#8221;1\/3&#8243;][vc_column_text]<span style=\"color: #167c8c;\"><em><strong>Chez GPD, l&#8217;int\u00e9grit\u00e9 est la pierre angulaire de nos pratiques commerciales. Nous respectons les normes \u00e9thiques les plus strictes, favorisant la confiance et la transparence avec nos parties prenantes.<\/strong><\/em><\/span>[\/vc_column_text][vc_progress_bar values=&#8221;%5B%7B%22label%22%3A%22Responsabilit%C3%A9%22%2C%22value%22%3A%2290%22%2C%22color%22%3A%22peacoc%22%7D%2C%7B%22label%22%3A%22collaboration%22%2C%22value%22%3A%2280%22%2C%22color%22%3A%22peacoc%22%7D%2C%7B%22label%22%3A%22Innovation%22%2C%22value%22%3A%2270%22%2C%22color%22%3A%22peacoc%22%7D%2C%7B%22label%22%3A%22Am%C3%A9lioration%20continue%22%2C%22value%22%3A%2278%22%2C%22color%22%3A%22peacoc%22%7D%5D&#8221;][\/vc_column_inner][vc_column_inner width=&#8221;1\/3&#8243;][vc_single_image image=&#8221;32434&#8243; img_size=&#8221;full&#8221; alignment=&#8221;center&#8221; style=&#8221;vc_box_rounded&#8221;][\/vc_column_inner][vc_column_inner width=&#8221;1\/3&#8243;][vc_column_text]<span style=\"color: #167c8c;\"><em><strong>Le GPD consid\u00e8re l&#8217;innovation comme une force motrice du progr\u00e8s. En recherchant constamment de nouvelles fa\u00e7ons de travailler, nous restons adaptables dans un paysage pharmaceutique en constante \u00e9volution.<\/strong><\/em><\/span>[\/vc_column_text][vc_message message_box_color=&#8221;peacoc&#8221; icon_fontawesome=&#8221;&#8221;]<span style=\"color: #000000;\"><em><strong>En accord avec<\/strong><\/em> nos valeurs, GPD envisage un avenir o\u00f9 notre mission guide chacun de nos efforts, o\u00f9 notre vision nous propulse vers l&#8217;innovation et o\u00f9 nos valeurs fondamentales sous-tendent notre engagement en faveur de l&#8217;excellence et de la responsabilit\u00e9 dans le paysage mondial des soins de sant\u00e9. Gr\u00e2ce \u00e0 ces principes directeurs, nous nous effor\u00e7ons d&#8217;avoir un impact positif sur la sant\u00e9 et le bien-\u00eatre des individus dans le monde entier.<\/span>[\/vc_message][\/vc_column_inner][\/vc_row_inner][\/vc_column][\/vc_row][vc_row full_width=&#8221;stretch_row&#8221; css=&#8221;.vc_custom_1640634246877{margin-top: 40px !important;margin-bottom: 40px !important;padding-top: 40px !important;padding-bottom: 40px !important;background-color: #f9f9f9 !important;}&#8221;][vc_column css=&#8221;.vc_custom_1480349320431{padding-right: 80px !important;padding-left: 80px !important;}&#8221;][vc_custom_heading text=&#8221;Am\u00e9lioration continue et innovation&#8221; font_container=&#8221;tag:h2|text_align:center|color:%23167c8c&#8221; google_fonts=&#8221;font_family:Lato%3A100%2C100italic%2C300%2C300italic%2Cregular%2Citalic%2C700%2C700italic%2C900%2C900italic|font_style:400%20regular%3A400%3Anormal&#8221;][vc_row_inner content_placement=&#8221;middle&#8221;][vc_column_inner width=&#8221;1\/3&#8243;]<div data-id=\"mpc_icon_column-2869e46d4ad6c57\" class=\"mpc-icon-column mpc-init mpc-parent-hover mpc-transition mpc-icon-column--style_1 mpc-align--center \" ><div data-id=\"mpc_icon-2769e46d4ad6c7f\" class=\"mpc-icon mpc-init mpc-transition mpc-effect-slide-right mpc-icon-hover \"><div class=\"mpc-icon-wrap\"><i class=\"mpc-icon-part mpc-regular mpc-transition  fa fa-desktop\"><\/i><i class=\"mpc-icon-part mpc-hover mpc-transition  fa fa-desktop\"><\/i><\/div><\/div><div class=\"mpc-icon-column__content-wrap\"><div class=\"mpc-icon-column__content\"><h3 class=\"mpc-icon-column__heading mpc-transition\">L'ENGAGEMENT<\/h3><div class=\"mpc-icon-column__description mpc-transition\"><p>L&#8217;am\u00e9lioration continue et l&#8217;innovation font partie int\u00e9grante des services de GPD. Nous nous adaptons aux changements de l&#8217;industrie, adoptons des pratiques innovantes et recherchons constamment des moyens d&#8217;am\u00e9liorer nos services, ce qui nous permet de rester \u00e0 la pointe de l&#8217;\u00e9volution du paysage pharmaceutique.<\/p>\n<\/div><\/div><\/div><\/div>[\/vc_column_inner][vc_column_inner width=&#8221;1\/3&#8243;]<div data-id=\"mpc_image-6669e46d4ad71bf\" onclick=\"\" class=\"mpc-image mpc-init mpc-fullwidth \" ><div class=\"mpc-item mpc-transition\"><img loading=\"lazy\" decoding=\"async\" width=\"1000\" height=\"601\" src=\"https:\/\/globepharmadubai.com\/wp-content\/uploads\/2024\/01\/continuousimprovement1.webp\" class=\"mpc-transition attachment-large\" alt=\"\" title=\"continuousimprovement1\" srcset=\"https:\/\/globepharmadubai.com\/wp-content\/uploads\/2024\/01\/continuousimprovement1.webp 1000w, https:\/\/globepharmadubai.com\/wp-content\/uploads\/2024\/01\/continuousimprovement1-300x180.webp 300w, https:\/\/globepharmadubai.com\/wp-content\/uploads\/2024\/01\/continuousimprovement1-768x462.webp 768w, https:\/\/globepharmadubai.com\/wp-content\/uploads\/2024\/01\/continuousimprovement1-500x301.webp 500w, https:\/\/globepharmadubai.com\/wp-content\/uploads\/2024\/01\/continuousimprovement1-600x361.webp 600w\" sizes=\"auto, (max-width: 1000px) 100vw, 1000px\" \/><\/div><\/div>[\/vc_column_inner][vc_column_inner width=&#8221;1\/3&#8243;]<div data-id=\"mpc_icon_column-3669e46d4ad7234\" class=\"mpc-icon-column mpc-init mpc-parent-hover mpc-transition mpc-icon-column--style_1 mpc-align--center \" ><div data-id=\"mpc_icon-5969e46d4ad724e\" class=\"mpc-icon mpc-init mpc-transition mpc-effect-slide-right mpc-icon-hover \"><div class=\"mpc-icon-wrap\"><i class=\"mpc-icon-part mpc-regular mpc-transition  fa fa-list-alt\"><\/i><i class=\"mpc-icon-part mpc-hover mpc-transition  fa fa-list-alt\"><\/i><\/div><\/div><div class=\"mpc-icon-column__content-wrap\"><div class=\"mpc-icon-column__content\"><h3 class=\"mpc-icon-column__heading mpc-transition\">GR\u00c2CE \u00c0 NOS SERVICES<\/h3><div class=\"mpc-icon-column__description mpc-transition\"><p><strong>Globe Pharma Dubai<\/strong> s&#8217;efforce d&#8217;\u00eatre un partenaire fiable et complet dans le secteur pharmaceutique mondial, en offrant des solutions qui d\u00e9passent les fronti\u00e8res conventionnelles pour am\u00e9liorer l&#8217;accessibilit\u00e9 et la qualit\u00e9 des soins de sant\u00e9 dans le monde entier.<\/p>\n<\/div><\/div><\/div><\/div>[\/vc_column_inner][\/vc_row_inner][vc_empty_space][vc_row_inner content_placement=&#8221;middle&#8221;][vc_column_inner width=&#8221;1\/3&#8243;]<div data-id=\"mpc_image-9069e46d4ad7672\" onclick=\"\" class=\"mpc-image mpc-init mpc-fullwidth \" ><div class=\"mpc-item mpc-transition\"><img loading=\"lazy\" decoding=\"async\" width=\"975\" height=\"651\" src=\"https:\/\/globepharmadubai.com\/wp-content\/uploads\/2024\/01\/business-idea-concept.webp\" class=\"mpc-transition attachment-large\" alt=\"\" title=\"business-idea-concept\" srcset=\"https:\/\/globepharmadubai.com\/wp-content\/uploads\/2024\/01\/business-idea-concept.webp 975w, https:\/\/globepharmadubai.com\/wp-content\/uploads\/2024\/01\/business-idea-concept-300x200.webp 300w, https:\/\/globepharmadubai.com\/wp-content\/uploads\/2024\/01\/business-idea-concept-768x513.webp 768w, https:\/\/globepharmadubai.com\/wp-content\/uploads\/2024\/01\/business-idea-concept-500x334.webp 500w, https:\/\/globepharmadubai.com\/wp-content\/uploads\/2024\/01\/business-idea-concept-600x401.webp 600w\" sizes=\"auto, (max-width: 975px) 100vw, 975px\" \/><\/div><\/div>[\/vc_column_inner][vc_column_inner width=&#8221;1\/3&#8243;]<div data-id=\"mpc_icon_column-5669e46d4ad76ea\" class=\"mpc-icon-column mpc-init mpc-parent-hover mpc-transition mpc-icon-column--style_1 mpc-align--center \" ><div data-id=\"mpc_icon-10069e46d4ad7702\" class=\"mpc-icon mpc-init mpc-transition mpc-effect-slide-right mpc-icon-hover \"><div class=\"mpc-icon-wrap\"><i class=\"mpc-icon-part mpc-regular mpc-transition  fa fa-paint-brush\"><\/i><i class=\"mpc-icon-part mpc-hover mpc-transition  fa fa-paint-brush\"><\/i><\/div><\/div><div class=\"mpc-icon-column__content-wrap\"><div class=\"mpc-icon-column__content\"><h3 class=\"mpc-icon-column__heading mpc-transition\">CHOISIR GPD<\/h3><div class=\"mpc-icon-column__description mpc-transition\"><p>pour son expertise in\u00e9gal\u00e9e, sa fiabilit\u00e9 et son engagement ind\u00e9fectible \u00e0 faire progresser les solutions globales en mati\u00e8re de soins de sant\u00e9. Contactez-nous d\u00e8s aujourd&#8217;hui pour d\u00e9couvrir comment GPD peut r\u00e9pondre \u00e0 vos besoins pharmaceutiques avec efficacit\u00e9 et excellence.<\/p>\n<\/div><\/div><\/div><\/div>[\/vc_column_inner][vc_column_inner width=&#8221;1\/3&#8243;]<div data-id=\"mpc_image-7169e46d4ad7b05\" onclick=\"\" class=\"mpc-image mpc-init mpc-fullwidth \" ><div class=\"mpc-item mpc-transition\"><img loading=\"lazy\" decoding=\"async\" width=\"1024\" height=\"682\" src=\"https:\/\/globepharmadubai.com\/wp-content\/uploads\/2024\/01\/Continuous-Improvement-and-Innovation-1.webp\" class=\"mpc-transition attachment-large\" alt=\"\" title=\"Continuous Improvement and Innovation-1\" srcset=\"https:\/\/globepharmadubai.com\/wp-content\/uploads\/2024\/01\/Continuous-Improvement-and-Innovation-1.webp 1024w, https:\/\/globepharmadubai.com\/wp-content\/uploads\/2024\/01\/Continuous-Improvement-and-Innovation-1-300x200.webp 300w, https:\/\/globepharmadubai.com\/wp-content\/uploads\/2024\/01\/Continuous-Improvement-and-Innovation-1-768x512.webp 768w, https:\/\/globepharmadubai.com\/wp-content\/uploads\/2024\/01\/Continuous-Improvement-and-Innovation-1-500x333.webp 500w, https:\/\/globepharmadubai.com\/wp-content\/uploads\/2024\/01\/Continuous-Improvement-and-Innovation-1-600x400.webp 600w\" sizes=\"auto, (max-width: 1024px) 100vw, 1024px\" \/><\/div><\/div>[\/vc_column_inner][\/vc_row_inner][\/vc_column][\/vc_row][vc_row][vc_column][vc_empty_space][\/vc_column][\/vc_row]<\/p>\n<\/section>","protected":false},"excerpt":{"rendered":"<p>[vc_row][vc_column width=&#8221;1\/6&#8243;][\/vc_column][vc_column width=&#8221;2\/3&#8243;][vc_custom_heading text=&#8221;EN SAVOIR PLUS SUR NOS SERVICES&#8221; font_container=&#8221;tag:h1|text_align:center|color:%23167c8c&#8221; use_theme_fonts=&#8221;yes&#8221; css_animation=&#8221;zoomIn&#8221;][\/vc_column][vc_column width=&#8221;1\/6&#8243;][\/vc_column][\/vc_row][vc_row bg_type=&#8221;bg_color&#8221; bg_override=&#8221;full&#8221; animation_type=&#8221;h&#8221; horizontal_animation=&#8221;left-animation&#8221; vertical_animation=&#8221;top-animation&#8221; padding_top=&#8221;60px&#8221;][vc_column width=&#8221;1\/3&#8243;][\/vc_column][vc_column width=&#8221;1\/3&#8243;][\/vc_column][vc_column width=&#8221;1\/3&#8243;][\/vc_column][\/vc_row][vc_row][vc_column][vc_empty_space height=&#8221;50px&#8221;][\/vc_column][\/vc_row][vc_row bg_type=&#8221;bg_color&#8221; bg_override=&#8221;full&#8221; animation_type=&#8221;h&#8221; horizontal_animation=&#8221;left-animation&#8221; vertical_animation=&#8221;top-animation&#8221; padding_top=&#8221;60px&#8221;][vc_column width=&#8221;1\/3&#8243;][\/vc_column][vc_column width=&#8221;1\/3&#8243;][\/vc_column][vc_column width=&#8221;1\/3&#8243;][\/vc_column][\/vc_row][vc_row content_placement=&#8221;middle&#8221; css=&#8221;.vc_custom_1640633297977{padding-top: 40px !important;}&#8221;][vc_column][vc_custom_heading text=&#8221;NOS PRINCIPES D&#8217;ACTION&#8221; font_container=&#8221;tag:h3|font_size:40px|text_align:center|color:%23167c8c|line_height:45px&#8221; use_theme_fonts=&#8221;yes&#8221;][vc_text_separator title=&#8221;&#8221; i_icon_fontawesome=&#8221;fas fa-random&#8221; i_color=&#8221;peacoc&#8221; i_size=&#8221;sm&#8221; color=&#8221;peacoc&#8221; el_width=&#8221;30&#8243; add_icon=&#8221;true&#8221;][vc_row_inner][vc_column_inner width=&#8221;1\/3&#8243;][vc_column_text]Chez GPD, l&#8217;int\u00e9grit\u00e9 est la pierre<\/p>\n","protected":false},"author":1,"featured_media":0,"parent":0,"menu_order":0,"comment_status":"closed","ping_status":"closed","template":"","meta":{"om_disable_all_campaigns":false,"_monsterinsights_skip_tracking":false,"_monsterinsights_sitenote_active":false,"_monsterinsights_sitenote_note":"","_monsterinsights_sitenote_category":0,"footnotes":""},"class_list":["post-32667","page","type-page","status-publish","hentry"],"aioseo_notices":[],"_links":{"self":[{"href":"https:\/\/globepharmadubai.com\/fr\/wp-json\/wp\/v2\/pages\/32667","targetHints":{"allow":["GET"]}}],"collection":[{"href":"https:\/\/globepharmadubai.com\/fr\/wp-json\/wp\/v2\/pages"}],"about":[{"href":"https:\/\/globepharmadubai.com\/fr\/wp-json\/wp\/v2\/types\/page"}],"author":[{"embeddable":true,"href":"https:\/\/globepharmadubai.com\/fr\/wp-json\/wp\/v2\/users\/1"}],"replies":[{"embeddable":true,"href":"https:\/\/globepharmadubai.com\/fr\/wp-json\/wp\/v2\/comments?post=32667"}],"version-history":[{"count":5,"href":"https:\/\/globepharmadubai.com\/fr\/wp-json\/wp\/v2\/pages\/32667\/revisions"}],"predecessor-version":[{"id":32730,"href":"https:\/\/globepharmadubai.com\/fr\/wp-json\/wp\/v2\/pages\/32667\/revisions\/32730"}],"wp:attachment":[{"href":"https:\/\/globepharmadubai.com\/fr\/wp-json\/wp\/v2\/media?parent=32667"}],"curies":[{"name":"wp","href":"https:\/\/api.w.org\/{rel}","templated":true}]}}