{"id":32638,"date":"2017-04-29T23:06:24","date_gmt":"2017-04-29T21:06:24","guid":{"rendered":"https:\/\/globepharmadubai.com\/a-propos-de-nous\/"},"modified":"2024-02-19T13:33:35","modified_gmt":"2024-02-19T11:33:35","slug":"a-propos-de-nous","status":"publish","type":"page","link":"https:\/\/globepharmadubai.com\/fr\/a-propos-de-nous\/","title":{"rendered":"\u00c0 propos de nous"},"content":{"rendered":"<section class=\"wpb-content-wrapper\"><p>[vc_row][vc_column width=&#8221;1\/6&#8243;][\/vc_column][vc_column width=&#8221;2\/3&#8243;][vc_custom_heading text=&#8221;BIENVENUE CHEZ GLOBE PHARMA DUBAI&#8221; font_container=&#8221;tag:h1|text_align:center|color:%23167c8c&#8221; use_theme_fonts=&#8221;yes&#8221; css_animation=&#8221;zoomIn&#8221;][\/vc_column][vc_column width=&#8221;1\/6&#8243;][\/vc_column][\/vc_row][vc_row content_placement=&#8221;middle&#8221; css=&#8221;.vc_custom_1640628061430{padding-top: 60px !important;}&#8221;][vc_column width=&#8221;1\/2&#8243;][vc_row_inner][vc_column_inner]<div data-id=\"mpc_icon_column-8569e45b77cf070\" class=\"mpc-icon-column mpc-init mpc-parent-hover mpc-transition mpc-icon-column--style_2 mpc-align--center \" ><div data-id=\"mpc_icon-4569e45b77cf0a7\" class=\"mpc-icon mpc-init mpc-transition mpc-effect-slide-up mpc-icon-hover \"><div class=\"mpc-icon-wrap\"><i class=\"mpc-icon-part mpc-regular mpc-transition  etl etl-profile-male\"><\/i><i class=\"mpc-icon-part mpc-hover mpc-transition  etl etl-profile-male\"><\/i><\/div><\/div><div class=\"mpc-icon-column__content-wrap\"><div class=\"mpc-icon-column__content\"><h3 class=\"mpc-icon-column__heading mpc-transition\">QUI SOMMES-NOUS <\/h3><div class=\"mpc-icon-column__description mpc-transition\"><p style=\"text-align: left;\"><em><strong>Globe Pharma Dubai<\/strong><\/em><\/p>\n<p style=\"text-align: left;\">(GPD) se distingue comme une force dynamique dans le paysage pharmaceutique international, qui se consacre \u00e0 r\u00e9pondre aux divers besoins du secteur m\u00e9dical. Avec plus de deux d\u00e9cennies d&#8217;exp\u00e9rience, notre propri\u00e9taire apporte une grande richesse d&#8217;expertise et de connaissances \u00e0 nos op\u00e9rations.<\/p>\n<p style=\"text-align: left;\">Nous sommes sp\u00e9cialis\u00e9s dans l&#8217;importation et l&#8217;exportation de produits pharmaceutiques, de produits m\u00e9dicaux, d&#8217;outils et d&#8217;\u00e9quipements, et nous favorisons l&#8217;\u00e9tablissement de liens essentiels entre les r\u00e9gions du monde entier.<\/p>\n<p style=\"text-align: left;\">Notre vaste r\u00e9seau de relations avec des fournisseurs et des fabricants estim\u00e9s s&#8217;\u00e9tend sur plusieurs continents, notamment en Europe, en Turquie, en Inde et dans les pays du Golfe.<\/p>\n<p style=\"text-align: left;\"><em><strong><u>Nos sp\u00e9cialisations :<\/u><\/strong><\/em><\/p>\n<p style=\"text-align: left;\">GPD est sp\u00e9cialis\u00e9e dans la fourniture de services logistiques sur mesure pour le secteur m\u00e9dical, assurant le transport sans faille des produits pharmaceutiques dans le monde entier.<\/p>\n<p style=\"text-align: left;\">Gr\u00e2ce \u00e0 notre vaste exp\u00e9rience en import et export, nous pouvons vous aider dans les d\u00e9marches de d\u00e9douanement<\/p>\n<p style=\"text-align: left;\">Gr\u00e2ce \u00e0 nos relations avec les fabricants, nous pouvons vous aider \u00e0 fabriquer et \u00e0 obtenir votre propre marque<\/p>\n<p style=\"text-align: left;\">Notre r\u00e9seau unique de relations avec de nombreux agents et compagnies maritimes souligne notre engagement \u00e0 \u00eatre un partenaire fiable dans la cha\u00eene d&#8217;approvisionnement pharmaceutique complexe.<\/p>\n<\/div><\/div><\/div><\/div>[\/vc_column_inner][\/vc_row_inner][vc_empty_space][\/vc_column][vc_column width=&#8221;1\/2&#8243;][vc_row_inner][vc_column_inner]<div data-id=\"mpc_icon_column-6869e45b77cf1ef\" class=\"mpc-icon-column mpc-init mpc-parent-hover mpc-transition mpc-icon-column--style_2 mpc-align--center \" ><div data-id=\"mpc_icon-6169e45b77cf21a\" class=\"mpc-icon mpc-init mpc-transition mpc-effect-slide-up mpc-icon-hover \"><div class=\"mpc-icon-wrap\"><i class=\"mpc-icon-part mpc-regular mpc-transition  etl etl-presentation\"><\/i><i class=\"mpc-icon-part mpc-hover mpc-transition  etl etl-presentation\"><\/i><\/div><\/div><div class=\"mpc-icon-column__content-wrap\"><div class=\"mpc-icon-column__content\"><h3 class=\"mpc-icon-column__heading mpc-transition\">Mission et vision<\/h3><div class=\"mpc-icon-column__description mpc-transition\"><h4 class=\"mb-2 fw-bold\" style=\"text-align: left;\"><span style=\"color: #167c8c;\"><em>Notre vision<\/em><\/span><\/h4>\n<p style=\"text-align: left;\">La vision de GPD est d&#8217;\u00eatre un leader mondial en mati\u00e8re de solutions pharmaceutiques, reconnu pour son engagement in\u00e9branlable \u00e0 faire progresser les soins de sant\u00e9 \u00e0 l&#8217;\u00e9chelle mondiale.<\/p>\n<p style=\"text-align: left;\">Nous envisageons un avenir o\u00f9 nos processus de cha\u00eene d&#8217;approvisionnement sans faille, nos pratiques innovantes et nos collaborations strat\u00e9giques contribueront de mani\u00e8re significative \u00e0 l&#8217;accessibilit\u00e9 et \u00e0 la disponibilit\u00e9 de produits pharmaceutiques de haute qualit\u00e9.<\/p>\n<p style=\"text-align: left;\">En faisant \u0153uvre de pionnier dans l&#8217;industrie, nous visons \u00e0 \u00e9tablir de nouvelles normes d&#8217;excellence, en veillant \u00e0 ce que les patients du monde entier aient acc\u00e8s aux m\u00e9dicaments dont ils ont besoin.<\/p>\n<p style=\"text-align: left;\">Notre vision est fond\u00e9e sur un sens profond de la responsabilit\u00e9, de l&#8217;int\u00e9grit\u00e9 et de la poursuite inlassable de l&#8217;am\u00e9lioration des r\u00e9sultats en mati\u00e8re de sant\u00e9 dans le monde.<\/p>\n<p style=\"text-align: left;\">Par nos efforts, nous aspirons \u00e0 \u00eatre le catalyseur d&#8217;un changement positif dans le paysage pharmaceutique, en favorisant un monde plus sain et plus connect\u00e9.<\/p>\n<p style=\"text-align: left;\">\n<h4 class=\"my-2 fw-bold\" style=\"text-align: left;\"><span style=\"color: #167c8c;\"><em>Notre mission<\/em><\/span><\/h4>\n<p style=\"text-align: left;\">\u00c0 Global Pharma Dubai (GPD), notre mission est de faire progresser les soins de sant\u00e9 dans le monde en garantissant la disponibilit\u00e9 et l&#8217;accessibilit\u00e9 des produits pharmaceutiques pour les patients du monde entier.<\/p>\n<p style=\"text-align: left;\">Nous nous engageons \u00e0 favoriser les partenariats strat\u00e9giques, \u00e0 tirer parti de notre vaste r\u00e9seau et \u00e0 fournir des solutions pharmaceutiques avec une excellence op\u00e9rationnelle.<\/p>\n<p style=\"text-align: left;\">Notre objectif est de contribuer au bien-\u00eatre des individus en relevant les d\u00e9fis de la cha\u00eene d&#8217;approvisionnement et en am\u00e9liorant la qualit\u00e9 des services de sant\u00e9 \u00e0 l&#8217;\u00e9chelle mondiale.<\/p>\n<\/div><\/div><\/div><\/div>[\/vc_column_inner][\/vc_row_inner][\/vc_column][\/vc_row][vc_row content_placement=&#8221;middle&#8221; css=&#8221;.vc_custom_1640628061430{padding-top: 60px !important;}&#8221;][vc_column width=&#8221;1\/2&#8243; css=&#8221;.vc_custom_1483091625241{padding-top: 0px !important;}&#8221;][vc_custom_heading text=&#8221;NOS VALEURS FONDAMENTALES&#8221; font_container=&#8221;tag:h2|font_size:30px|text_align:left|color:%23167c8b&#8221; use_theme_fonts=&#8221;yes&#8221;][vc_empty_space]<div id=\"mpc_textblock-9469e45b77cf318\" class=\"mpc-textblock mpc-init \"><p style=\"text-align: center;\"><strong><u>INTEGRIT\u00c9<\/u><\/strong><\/p>\n<p>Chez GPD, l&#8217;int\u00e9grit\u00e9 est la pierre angulaire de nos pratiques commerciales. Nous respectons les normes \u00e9thiques les plus strictes, favorisant la confiance et la transparence avec nos parties prenantes.<\/p>\n<\/div>[vc_empty_space]<div id=\"mpc_textblock-7769e45b77cf38f\" class=\"mpc-textblock mpc-init \"><p style=\"text-align: center;\"><strong><u>EXCELLENCE<\/u><\/strong><\/p>\n<p>Nous visons l&#8217;excellence dans tous les aspects de nos activit\u00e9s. De la logistique et de la distribution aux relations avec les clients, nous nous attachons \u00e0 fournir des services qui r\u00e9pondent aux attentes et les d\u00e9passent.<\/p>\n<\/div>[vc_empty_space]<div id=\"mpc_textblock-1369e45b77cf3fe\" class=\"mpc-textblock mpc-init \"><p style=\"text-align: center;\"><em><strong><u>INNOVATION<\/u><\/strong><\/em><\/p>\n<p>Le GPD consid\u00e8re l&#8217;innovation comme une force motrice du progr\u00e8s. En recherchant constamment de nouvelles fa\u00e7ons de travailler, nous restons adaptables dans un paysage pharmaceutique en constante \u00e9volution.<\/p>\n<\/div>[vc_empty_space]<div id=\"mpc_textblock-1569e45b77cf471\" class=\"mpc-textblock mpc-init \"><p style=\"text-align: center;\"><em><u><strong>COLLABORATION<\/strong><\/u><\/em><\/p>\n<p>La collaboration est la cl\u00e9 de notre succ\u00e8s. Nous valorisons les partenariats avec les fournisseurs, les fabricants et les clients, en reconnaissant que les efforts collectifs conduisent \u00e0 une croissance et \u00e0 une r\u00e9ussite mutuelles.<\/p>\n<\/div>[vc_empty_space]<div id=\"mpc_textblock-6869e45b77cf4dd\" class=\"mpc-textblock mpc-init \"><p style=\"text-align: center;\"><u><em><strong>CENTRAGE SUR LE CLIENT<\/strong><\/em><\/u><\/p>\n<p>Les besoins de nos clients sont au c\u0153ur de nos priorit\u00e9s. Nous nous engageons \u00e0 fournir des solutions pharmaceutiques qui non seulement r\u00e9pondent aux normes r\u00e9glementaires, mais am\u00e9liorent \u00e9galement l&#8217;exp\u00e9rience globale des patients en mati\u00e8re de soins de sant\u00e9.<\/p>\n<\/div>[vc_empty_space]<div id=\"mpc_textblock-6969e45b77cf548\" class=\"mpc-textblock mpc-init \"><p style=\"text-align: center;\"><u><em><strong>RESPONSABILIT\u00c9<\/strong><\/em><\/u><\/p>\n<p>GPD assume la responsabilit\u00e9 de ses actions et de leur impact sur l&#8217;\u00e9cosyst\u00e8me mondial des soins de sant\u00e9. Il s&#8217;agit notamment de s&#8217;engager en faveur de pratiques durables, de la responsabilit\u00e9 environnementale et de la conscience sociale.<\/p>\n<\/div>[vc_empty_space]<div id=\"mpc_textblock-3969e45b77cf5b1\" class=\"mpc-textblock mpc-init \"><p style=\"text-align: center;\"><u><em><strong>L&#8217;AM\u00c9LIORATION CONTINUE<\/strong><\/em><\/u><\/p>\n<p>Nous favorisons une culture d&#8217;am\u00e9lioration continue, encourageant notre \u00e9quipe \u00e0 rechercher des opportunit\u00e9s d&#8217;apprentissage, \u00e0 accepter le retour d&#8217;information et \u00e0 s&#8217;adapter \u00e0 l&#8217;\u00e9volution des exigences de l&#8217;industrie pharmaceutique.<\/p>\n<\/div>[vc_empty_space][\/vc_column][vc_column width=&#8221;1\/2&#8243;][vc_row_inner][vc_column_inner][vc_single_image image=&#8221;32260&#8243; img_size=&#8221;full&#8221; css=&#8221;.vc_custom_1705492979601{margin-bottom: 0px !important;}&#8221;][\/vc_column_inner][\/vc_row_inner][\/vc_column][\/vc_row][vc_row content_placement=&#8221;middle&#8221; css=&#8221;.vc_custom_1705777239800{margin-top: 50px !important;padding-top: 0px !important;padding-right: 0px !important;padding-bottom: 0px !important;padding-left: 0px !important;background-color: #167c8c !important;}&#8221;][vc_column width=&#8221;1\/2&#8243; css=&#8221;.vc_custom_1640627653266{margin: 0px !important;padding: 0px !important;}&#8221;][vc_single_image image=&#8221;32194&#8243; img_size=&#8221;full&#8221; css=&#8221;.vc_custom_1640627661478{margin-bottom: 0px !important;}&#8221;][\/vc_column][vc_column width=&#8221;1\/2&#8243; css=&#8221;.vc_custom_1640627205288{padding-top: 40px !important;padding-right: 40px !important;padding-bottom: 40px !important;padding-left: 40px !important;}&#8221;][vc_custom_heading text=&#8221;Choisissez GPD pour une expertise in\u00e9gal\u00e9e,&#8221; font_container=&#8221;tag:h2|font_size:30px|text_align:left|color:%23f7f7f7&#8243; use_theme_fonts=&#8221;yes&#8221;][vc_column_text]<strong><em><span style=\"color: #ffffff;\">et un engagement ind\u00e9fectible \u00e0 faire progresser les solutions globales en mati\u00e8re de soins de sant\u00e9. Contactez-nous d\u00e8s aujourd&#8217;hui pour d\u00e9couvrir comment GPD peut r\u00e9pondre \u00e0 vos besoins pharmaceutiques avec efficacit\u00e9 et excellence.<\/span><\/em><\/strong>[\/vc_column_text][vc_btn title=&#8221;Besoin d&apos;un conseil ?&#8221; style=&#8221;classic&#8221; shape=&#8221;round&#8221; size=&#8221;lg&#8221; align=&#8221;left&#8221; link=&#8221;url:https%3A%2F%2Fglobepharmadubai.com%2Ffr%2Fenvoyer-un-e-mail%2F|target:_blank|&#8221;][\/vc_column][\/vc_row][vc_row full_width=&#8221;stretch_row&#8221; content_placement=&#8221;middle&#8221; css=&#8221;.vc_custom_1640629127713{margin-top: 30px !important;margin-bottom: 0px !important;padding-top: 20px !important;padding-bottom: 40px !important;background-color: #f2f2f2 !important;}&#8221;][vc_column width=&#8221;1\/2&#8243;][vc_custom_heading text=&#8221;Bienvenue \u00e0 Global Pharma Dubai (GPD)&#8221; font_container=&#8221;tag:h5|font_size:14|text_align:left|color:%235e7eb5&#8243; use_theme_fonts=&#8221;yes&#8221;][vc_custom_heading text=&#8221;Votre partenaire de confiance en mati\u00e8re de solutions pharmaceutiques globales.&#8221; font_container=&#8221;tag:h2|font_size:33px|text_align:left|color:%23167c8b|line_height:48px&#8221; use_theme_fonts=&#8221;yes&#8221;][\/vc_column][vc_column width=&#8221;1\/2&#8243;][vc_column_text]<strong>Globe Pharma Dubai s&#8217;efforce d&#8217;\u00eatre un partenaire fiable et complet dans le secteur pharmaceutique mondial, en offrant des solutions qui d\u00e9passent les fronti\u00e8res conventionnelles pour am\u00e9liorer l&#8217;accessibilit\u00e9 et la qualit\u00e9 des soins de sant\u00e9 dans le monde entier.<\/strong>[\/vc_column_text][\/vc_column][\/vc_row][vc_row full_width=&#8221;stretch_row&#8221; css=&#8221;.vc_custom_1705777566872{padding-top: 20px !important;padding-bottom: 40px !important;background-color: #167c8c !important;}&#8221;][vc_column]<div data-id=\"mpc_callout-8169e45b77cf69d\" class=\"mpc-callout mpc-init mpc-callout--style_1 \" ><div class=\"mpc-callout__icon-wrap mpc-align--left\"><div class=\"mpc-callout__icon\"><i class=\"mpc-transition  fa fa-envelope\"><\/i><\/div><\/div><div class=\"mpc-callout__content\"><h3 class=\"mpc-callout__heading\">Prenez contact avec le GPD.<\/h3><div class=\"mpc-callout__description\"><p><em><strong>Globe Pharma Dubai<\/strong><\/em><\/p>\n<\/div><\/div><div class=\"mpc-callout__button\"><a href=\"https:\/\/globepharmadubai.com\/send-email\/\" target=\"_blank\" title=\"Link\"  data-id=\"mpc_button-1169e45b77cf6ea\" class=\"mpc-button mpc-init mpc-transition \" ><div class=\"mpc-button__content mpc-effect-type--none mpc-effect-side--none\"><span class=\"mpc-button__title mpc-transition\">Nous contacter<\/span><\/div><div class=\"mpc-button__background mpc-transition mpc-effect-type--slide mpc-effect-side--left\"><\/div><\/a><\/div><\/div>[\/vc_column][\/vc_row][vc_row full_width=&#8221;stretch_row&#8221; css=&#8221;.vc_custom_1483404932845{margin-bottom: 0px !important;border-bottom-width: 15px !important;padding-top: 55px !important;padding-bottom: 35px !important;border-bottom-color: #ffffff !important;}&#8221;][vc_column css=&#8221;.vc_custom_1449590082760{padding-top: 0px !important;}&#8221;][vc_empty_space][vc_custom_heading text=&#8221;NOUS IMPORTONS DU MONDE ENTIER&#8221; font_container=&#8221;tag:h2|font_size:30|text_align:center|color:%23167c8c&#8221; use_theme_fonts=&#8221;yes&#8221;][vc_empty_space height=&#8221;15px&#8221;]<div data-id=\"mpc_divider-7769e45b77cf774\" class=\"mpc-divider-wrap\"><div class=\"mpc-divider mpc-init mpc-align--center mpc-disable--left \" ><div class=\"mpc-divider__line mpc-side--left\"><span><\/span><\/div><div class=\"mpc-divider__line mpc-side--right\"><span><\/span><\/div><\/div><\/div><div class=\"mpc-carousel__wrapper mpc-waypoint\"><div id=\"mpc_carousel_image-2269e45b77cf7ff\" class=\"mpc-carousel-image mpc-init mpc-animation mpc-layout--classic mpc-effect--none \"  data-animation-in=\"transition.fadeIn||800||0||80\" data-mpcslick='{\"infinite\":true,\"autoplay\":true,\"slidesToShow\":4,\"slidesToScroll\":1,\"centerMode\":false,\"initialSlide\":0,\"autoplaySpeed\":1450,\"speed\":500}' data-slick-cols=\"4\"><div target=\"\"class=\"mpc-carousel__item-wrapper\" data-height=\"576\"><div onclick=\"\" class=\"mpc-item mpc-transition\"><div class=\"mpc-border\"><\/div><img loading=\"lazy\" decoding=\"async\" width=\"3840\" height=\"2160\" src=\"https:\/\/globepharmadubai.com\/wp-content\/uploads\/2024\/01\/Sanofi-Logo-2011.png\" class=\"mpc-transition attachment-full\" alt=\"\" title=\"Sanofi-Logo-2011\" srcset=\"https:\/\/globepharmadubai.com\/wp-content\/uploads\/2024\/01\/Sanofi-Logo-2011.png 3840w, https:\/\/globepharmadubai.com\/wp-content\/uploads\/2024\/01\/Sanofi-Logo-2011-600x338.png 600w, https:\/\/globepharmadubai.com\/wp-content\/uploads\/2024\/01\/Sanofi-Logo-2011-300x169.png 300w, https:\/\/globepharmadubai.com\/wp-content\/uploads\/2024\/01\/Sanofi-Logo-2011-1024x576.png 1024w, https:\/\/globepharmadubai.com\/wp-content\/uploads\/2024\/01\/Sanofi-Logo-2011-768x432.png 768w, https:\/\/globepharmadubai.com\/wp-content\/uploads\/2024\/01\/Sanofi-Logo-2011-1536x864.png 1536w, https:\/\/globepharmadubai.com\/wp-content\/uploads\/2024\/01\/Sanofi-Logo-2011-2048x1152.png 2048w, https:\/\/globepharmadubai.com\/wp-content\/uploads\/2024\/01\/Sanofi-Logo-2011-500x281.png 500w\" sizes=\"auto, (max-width: 3840px) 100vw, 3840px\" \/><\/div><\/div><div target=\"\"class=\"mpc-carousel__item-wrapper\" data-height=\"576\"><div onclick=\"\" class=\"mpc-item mpc-transition\"><div class=\"mpc-border\"><\/div><img loading=\"lazy\" decoding=\"async\" width=\"3840\" height=\"2160\" src=\"https:\/\/globepharmadubai.com\/wp-content\/uploads\/2024\/01\/Novartis-Logo.png\" class=\"mpc-transition attachment-full\" alt=\"\" title=\"Novartis-Logo\" srcset=\"https:\/\/globepharmadubai.com\/wp-content\/uploads\/2024\/01\/Novartis-Logo.png 3840w, https:\/\/globepharmadubai.com\/wp-content\/uploads\/2024\/01\/Novartis-Logo-600x338.png 600w, https:\/\/globepharmadubai.com\/wp-content\/uploads\/2024\/01\/Novartis-Logo-300x169.png 300w, https:\/\/globepharmadubai.com\/wp-content\/uploads\/2024\/01\/Novartis-Logo-1024x576.png 1024w, https:\/\/globepharmadubai.com\/wp-content\/uploads\/2024\/01\/Novartis-Logo-768x432.png 768w, https:\/\/globepharmadubai.com\/wp-content\/uploads\/2024\/01\/Novartis-Logo-1536x864.png 1536w, https:\/\/globepharmadubai.com\/wp-content\/uploads\/2024\/01\/Novartis-Logo-2048x1152.png 2048w, https:\/\/globepharmadubai.com\/wp-content\/uploads\/2024\/01\/Novartis-Logo-500x281.png 500w\" sizes=\"auto, (max-width: 3840px) 100vw, 3840px\" \/><\/div><\/div><div target=\"\"class=\"mpc-carousel__item-wrapper\" data-height=\"539\"><div onclick=\"\" class=\"mpc-item mpc-transition\"><div class=\"mpc-border\"><\/div><img loading=\"lazy\" decoding=\"async\" width=\"1280\" height=\"674\" src=\"https:\/\/globepharmadubai.com\/wp-content\/uploads\/2024\/01\/merck-logo-.png\" class=\"mpc-transition attachment-full\" alt=\"\" title=\"merck-logo---\" srcset=\"https:\/\/globepharmadubai.com\/wp-content\/uploads\/2024\/01\/merck-logo-.png 1280w, https:\/\/globepharmadubai.com\/wp-content\/uploads\/2024\/01\/merck-logo--600x316.png 600w, https:\/\/globepharmadubai.com\/wp-content\/uploads\/2024\/01\/merck-logo--300x158.png 300w, https:\/\/globepharmadubai.com\/wp-content\/uploads\/2024\/01\/merck-logo--1024x539.png 1024w, https:\/\/globepharmadubai.com\/wp-content\/uploads\/2024\/01\/merck-logo--768x404.png 768w, https:\/\/globepharmadubai.com\/wp-content\/uploads\/2024\/01\/merck-logo--500x263.png 500w\" sizes=\"auto, (max-width: 1280px) 100vw, 1280px\" \/><\/div><\/div><div target=\"\"class=\"mpc-carousel__item-wrapper\" data-height=\"576\"><div onclick=\"\" class=\"mpc-item mpc-transition\"><div class=\"mpc-border\"><\/div><img loading=\"lazy\" decoding=\"async\" width=\"3840\" height=\"2160\" src=\"https:\/\/globepharmadubai.com\/wp-content\/uploads\/2024\/01\/astrazenica-logo.png\" class=\"mpc-transition attachment-full\" alt=\"\" title=\"astrazenica-logo\" srcset=\"https:\/\/globepharmadubai.com\/wp-content\/uploads\/2024\/01\/astrazenica-logo.png 3840w, https:\/\/globepharmadubai.com\/wp-content\/uploads\/2024\/01\/astrazenica-logo-300x169.png 300w, https:\/\/globepharmadubai.com\/wp-content\/uploads\/2024\/01\/astrazenica-logo-1024x576.png 1024w, https:\/\/globepharmadubai.com\/wp-content\/uploads\/2024\/01\/astrazenica-logo-768x432.png 768w, https:\/\/globepharmadubai.com\/wp-content\/uploads\/2024\/01\/astrazenica-logo-1536x864.png 1536w, https:\/\/globepharmadubai.com\/wp-content\/uploads\/2024\/01\/astrazenica-logo-2048x1152.png 2048w, https:\/\/globepharmadubai.com\/wp-content\/uploads\/2024\/01\/astrazenica-logo-500x281.png 500w, https:\/\/globepharmadubai.com\/wp-content\/uploads\/2024\/01\/astrazenica-logo-600x338.png 600w\" sizes=\"auto, (max-width: 3840px) 100vw, 3840px\" \/><\/div><\/div><div target=\"\"class=\"mpc-carousel__item-wrapper\" data-height=\"576\"><div onclick=\"\" class=\"mpc-item mpc-transition\"><div class=\"mpc-border\"><\/div><img loading=\"lazy\" decoding=\"async\" width=\"3840\" height=\"2160\" src=\"https:\/\/globepharmadubai.com\/wp-content\/uploads\/2024\/01\/glaxo-logo.png\" class=\"mpc-transition attachment-full\" alt=\"\" title=\"glaxo-logo\" srcset=\"https:\/\/globepharmadubai.com\/wp-content\/uploads\/2024\/01\/glaxo-logo.png 3840w, https:\/\/globepharmadubai.com\/wp-content\/uploads\/2024\/01\/glaxo-logo-300x169.png 300w, https:\/\/globepharmadubai.com\/wp-content\/uploads\/2024\/01\/glaxo-logo-1024x576.png 1024w, https:\/\/globepharmadubai.com\/wp-content\/uploads\/2024\/01\/glaxo-logo-768x432.png 768w, https:\/\/globepharmadubai.com\/wp-content\/uploads\/2024\/01\/glaxo-logo-1536x864.png 1536w, https:\/\/globepharmadubai.com\/wp-content\/uploads\/2024\/01\/glaxo-logo-2048x1152.png 2048w, https:\/\/globepharmadubai.com\/wp-content\/uploads\/2024\/01\/glaxo-logo-500x281.png 500w, https:\/\/globepharmadubai.com\/wp-content\/uploads\/2024\/01\/glaxo-logo-600x338.png 600w\" sizes=\"auto, (max-width: 3840px) 100vw, 3840px\" \/><\/div><\/div><\/div><div class=\"mpc-navigation mpc-init mpc-align--left mpc-navigation--style_1  mpc-nav-preset--\" data-mpcslider=\"mpc_carousel_image-2269e45b77cf7ff\"><div class=\"mpc-nav__arrow mpcslick-prev\"><div class=\"mpc-nav__icon mpc-transition\"><i class=\"\"><div class=\"mpc-nav__background mpc-transition mpc-effect-type--fade mpc-effect-side--in\"><\/div><\/i><\/div><\/div><div class=\"mpc-nav__arrow mpcslick-next\"><div class=\"mpc-nav__icon mpc-transition\"><i class=\"\"><div class=\"mpc-nav__background mpc-transition mpc-effect-type--fade mpc-effect-side--in\"><\/div><\/i><\/div><\/div><\/div><\/div>[\/vc_column][\/vc_row]<\/p>\n<\/section>","protected":false},"excerpt":{"rendered":"<p>[vc_row][vc_column width=&#8221;1\/6&#8243;][\/vc_column][vc_column width=&#8221;2\/3&#8243;][vc_custom_heading text=&#8221;BIENVENUE CHEZ GLOBE PHARMA DUBAI&#8221; font_container=&#8221;tag:h1|text_align:center|color:%23167c8c&#8221; use_theme_fonts=&#8221;yes&#8221; css_animation=&#8221;zoomIn&#8221;][\/vc_column][vc_column width=&#8221;1\/6&#8243;][\/vc_column][\/vc_row][vc_row content_placement=&#8221;middle&#8221; css=&#8221;.vc_custom_1640628061430{padding-top: 60px !important;}&#8221;][vc_column width=&#8221;1\/2&#8243;][vc_row_inner][vc_column_inner][\/vc_column_inner][\/vc_row_inner][vc_empty_space][\/vc_column][vc_column width=&#8221;1\/2&#8243;][vc_row_inner][vc_column_inner][\/vc_column_inner][\/vc_row_inner][\/vc_column][\/vc_row][vc_row content_placement=&#8221;middle&#8221; css=&#8221;.vc_custom_1640628061430{padding-top: 60px !important;}&#8221;][vc_column width=&#8221;1\/2&#8243; css=&#8221;.vc_custom_1483091625241{padding-top: 0px !important;}&#8221;][vc_custom_heading text=&#8221;NOS VALEURS FONDAMENTALES&#8221; font_container=&#8221;tag:h2|font_size:30px|text_align:left|color:%23167c8b&#8221; use_theme_fonts=&#8221;yes&#8221;][vc_empty_space][vc_empty_space][vc_empty_space][vc_empty_space][vc_empty_space][vc_empty_space][vc_empty_space][vc_empty_space][\/vc_column][vc_column width=&#8221;1\/2&#8243;][vc_row_inner][vc_column_inner][vc_single_image image=&#8221;32260&#8243; img_size=&#8221;full&#8221; css=&#8221;.vc_custom_1705492979601{margin-bottom: 0px !important;}&#8221;][\/vc_column_inner][\/vc_row_inner][\/vc_column][\/vc_row][vc_row content_placement=&#8221;middle&#8221; css=&#8221;.vc_custom_1705777239800{margin-top: 50px !important;padding-top: 0px !important;padding-right: 0px !important;padding-bottom: 0px !important;padding-left: 0px !important;background-color: #167c8c !important;}&#8221;][vc_column width=&#8221;1\/2&#8243; css=&#8221;.vc_custom_1640627653266{margin: 0px !important;padding:<\/p>\n","protected":false},"author":1,"featured_media":0,"parent":0,"menu_order":0,"comment_status":"closed","ping_status":"closed","template":"","meta":{"om_disable_all_campaigns":false,"_monsterinsights_skip_tracking":false,"_monsterinsights_sitenote_active":false,"_monsterinsights_sitenote_note":"","_monsterinsights_sitenote_category":0,"footnotes":""},"class_list":["post-32638","page","type-page","status-publish","hentry"],"aioseo_notices":[],"_links":{"self":[{"href":"https:\/\/globepharmadubai.com\/fr\/wp-json\/wp\/v2\/pages\/32638","targetHints":{"allow":["GET"]}}],"collection":[{"href":"https:\/\/globepharmadubai.com\/fr\/wp-json\/wp\/v2\/pages"}],"about":[{"href":"https:\/\/globepharmadubai.com\/fr\/wp-json\/wp\/v2\/types\/page"}],"author":[{"embeddable":true,"href":"https:\/\/globepharmadubai.com\/fr\/wp-json\/wp\/v2\/users\/1"}],"replies":[{"embeddable":true,"href":"https:\/\/globepharmadubai.com\/fr\/wp-json\/wp\/v2\/comments?post=32638"}],"version-history":[{"count":10,"href":"https:\/\/globepharmadubai.com\/fr\/wp-json\/wp\/v2\/pages\/32638\/revisions"}],"predecessor-version":[{"id":32754,"href":"https:\/\/globepharmadubai.com\/fr\/wp-json\/wp\/v2\/pages\/32638\/revisions\/32754"}],"wp:attachment":[{"href":"https:\/\/globepharmadubai.com\/fr\/wp-json\/wp\/v2\/media?parent=32638"}],"curies":[{"name":"wp","href":"https:\/\/api.w.org\/{rel}","templated":true}]}}