{"id":32150,"date":"2024-02-14T10:21:27","date_gmt":"2024-02-14T08:21:27","guid":{"rendered":"https:\/\/globepharmadubai.com\/panier\/"},"modified":"2024-02-20T13:38:08","modified_gmt":"2024-02-20T11:38:08","slug":"panier","status":"publish","type":"page","link":"https:\/\/globepharmadubai.com\/fr\/panier\/","title":{"rendered":"Chariot"},"content":{"rendered":"\n<div data-block-name=\"woocommerce\/cart\" class=\"wp-block-woocommerce-cart alignwide is-loading\">\n<div data-block-name=\"woocommerce\/filled-cart-block\" class=\"wp-block-woocommerce-filled-cart-block\">\n<div data-block-name=\"woocommerce\/cart-items-block\" class=\"wp-block-woocommerce-cart-items-block\">\n<div data-block-name=\"woocommerce\/cart-line-items-block\" class=\"wp-block-woocommerce-cart-line-items-block\"><\/div>\n\n\n\n<div data-block-name=\"woocommerce\/cart-cross-sells-block\" class=\"wp-block-woocommerce-cart-cross-sells-block\">\n<h2 class=\"wp-block-heading has-large-font-size\">Vous pourriez \u00eatre int\u00e9ress\u00e9 par&#8230;<\/h2>\n\n\n\n<div data-block-name=\"woocommerce\/cart-cross-sells-products-block\" class=\"wp-block-woocommerce-cart-cross-sells-products-block\"><\/div>\n<\/div>\n<\/div>\n\n\n\n<div data-block-name=\"woocommerce\/cart-totals-block\" class=\"wp-block-woocommerce-cart-totals-block\">\n<div data-block-name=\"woocommerce\/cart-order-summary-block\" class=\"wp-block-woocommerce-cart-order-summary-block\">\n<div data-block-name=\"woocommerce\/cart-order-summary-heading-block\" class=\"wp-block-woocommerce-cart-order-summary-heading-block\"><\/div><div data-block-name=\"woocommerce\/cart-order-summary-coupon-form-block\" class=\"wp-block-woocommerce-cart-order-summary-coupon-form-block\"><\/div><div data-block-name=\"woocommerce\/cart-order-summary-totals-block\" class=\"wp-block-woocommerce-cart-order-summary-totals-block\">\n<div data-block-name=\"woocommerce\/cart-order-summary-subtotal-block\" class=\"wp-block-woocommerce-cart-order-summary-subtotal-block\"><\/div>\n<div data-block-name=\"woocommerce\/cart-order-summary-discount-block\" class=\"wp-block-woocommerce-cart-order-summary-discount-block\"><\/div>\n<div data-block-name=\"woocommerce\/cart-order-summary-fee-block\" class=\"wp-block-woocommerce-cart-order-summary-fee-block\"><\/div>\n<div data-block-name=\"woocommerce\/cart-order-summary-shipping-block\" class=\"wp-block-woocommerce-cart-order-summary-shipping-block\"><\/div>\n<div data-block-name=\"woocommerce\/cart-order-summary-taxes-block\" class=\"wp-block-woocommerce-cart-order-summary-taxes-block\"><\/div><\/div>\n<\/div>\n\n\n\n<div data-block-name=\"woocommerce\/cart-express-payment-block\" class=\"wp-block-woocommerce-cart-express-payment-block\"><\/div>\n\n\n\n<div data-block-name=\"woocommerce\/proceed-to-checkout-block\" class=\"wp-block-woocommerce-proceed-to-checkout-block\"><\/div>\n\n\n\n<div data-block-name=\"woocommerce\/cart-accepted-payment-methods-block\" class=\"wp-block-woocommerce-cart-accepted-payment-methods-block\"><\/div>\n<\/div>\n<\/div>\n\n\n\n<div data-block-name=\"woocommerce\/empty-cart-block\" class=\"wp-block-woocommerce-empty-cart-block\">\n<h2 class=\"wp-block-heading has-text-align-center with-empty-cart-icon wc-block-cart__empty-cart__title\">Votre panier est actuellement vide !<\/h2>\n\n\n\n<hr class=\"wp-block-separator has-alpha-channel-opacity is-style-dots\"\/>\n\n\n\n<h2 class=\"wp-block-heading has-text-align-center\">Nouveau en magasin<\/h2>\n\n\n<div data-block-name=\"woocommerce\/product-new\" data-columns=\"4\" data-rows=\"1\" class=\"wc-block-grid wp-block-product-new wp-block-woocommerce-product-new wc-block-product-new has-4-columns\"><ul class=\"wc-block-grid__products\"><li class=\"wc-block-grid__product\">\n\t\t\t\t<a href=\"https:\/\/globepharmadubai.com\/fr\/produit\/ampcloxin-500mg\/\" class=\"wc-block-grid__product-link\">\n\t\t\t\t\t\n\t\t\t\t\t<div class=\"wc-block-grid__product-image\"><img loading=\"lazy\" decoding=\"async\" width=\"300\" height=\"300\" src=\"https:\/\/globepharmadubai.com\/wp-content\/uploads\/2024\/09\/WhatsApp-Image-2024-08-31-at-5.32.45-PM-1-300x300.jpeg\" class=\"attachment-woocommerce_thumbnail size-woocommerce_thumbnail\" alt=\"Ampcloxin 500mg\" srcset=\"https:\/\/globepharmadubai.com\/wp-content\/uploads\/2024\/09\/WhatsApp-Image-2024-08-31-at-5.32.45-PM-1-300x300.jpeg 300w, https:\/\/globepharmadubai.com\/wp-content\/uploads\/2024\/09\/WhatsApp-Image-2024-08-31-at-5.32.45-PM-1-150x150.jpeg 150w, https:\/\/globepharmadubai.com\/wp-content\/uploads\/2024\/09\/WhatsApp-Image-2024-08-31-at-5.32.45-PM-1-500x500.jpeg 500w, https:\/\/globepharmadubai.com\/wp-content\/uploads\/2024\/09\/WhatsApp-Image-2024-08-31-at-5.32.45-PM-1-100x100.jpeg 100w\" sizes=\"auto, (max-width: 300px) 100vw, 300px\" \/><\/div>\n\t\t\t\t\t<div class=\"wc-block-grid__product-title\">Ampcloxin 500mg<\/div>\n\t\t\t\t<\/a>\n\t\t\t\t<div class=\"wc-block-grid__product-price price\"><\/div>\n\t\t\t\t\n\t\t\t\t<div class=\"wp-block-button wc-block-grid__product-add-to-cart\"><a href=\"https:\/\/globepharmadubai.com\/fr\/produit\/ampcloxin-500mg\/\" aria-label=\"En savoir plus sur &ldquo;Ampcloxin 500mg&rdquo;\" data-quantity=\"1\" data-product_id=\"32945\" data-product_sku=\"\" data-price=\"0\" rel=\"nofollow\" class=\"wp-block-button__link  add_to_cart_button\">Lire la suite<\/a><\/div>\n\t\t\t<\/li><li class=\"wc-block-grid__product\">\n\t\t\t\t<a href=\"https:\/\/globepharmadubai.com\/fr\/produit\/voltaren\/\" class=\"wc-block-grid__product-link\">\n\t\t\t\t\t<div class=\"wc-block-grid__product-onsale\">\n\t\t\t<span aria-hidden=\"true\">Promo<\/span>\n\t\t\t<span class=\"screen-reader-text\">Produit en promotion<\/span>\n\t\t<\/div>\n\t\t\t\t\t<div class=\"wc-block-grid__product-image\"><img loading=\"lazy\" decoding=\"async\" width=\"225\" height=\"225\" src=\"https:\/\/globepharmadubai.com\/wp-content\/uploads\/2024\/01\/download-11.jpg\" class=\"attachment-woocommerce_thumbnail size-woocommerce_thumbnail\" alt=\"Voltaren\" srcset=\"https:\/\/globepharmadubai.com\/wp-content\/uploads\/2024\/01\/download-11.jpg 225w, https:\/\/globepharmadubai.com\/wp-content\/uploads\/2024\/01\/download-11-100x100.jpg 100w, https:\/\/globepharmadubai.com\/wp-content\/uploads\/2024\/01\/download-11-150x150.jpg 150w\" sizes=\"auto, (max-width: 225px) 100vw, 225px\" \/><\/div>\n\t\t\t\t\t<div class=\"wc-block-grid__product-title\">Voltaren<\/div>\n\t\t\t\t<\/a>\n\t\t\t\t<div class=\"wc-block-grid__product-price price\"><del aria-hidden=\"true\"><span class=\"woocommerce-Price-amount amount\">175,00&nbsp;<span class=\"woocommerce-Price-currencySymbol\">&#036;<\/span><\/span><\/del> <span class=\"screen-reader-text\">Le prix initial \u00e9tait\u00a0: 175,00&nbsp;&#036;.<\/span><ins aria-hidden=\"true\"><span class=\"woocommerce-Price-amount amount\">160,00&nbsp;<span class=\"woocommerce-Price-currencySymbol\">&#036;<\/span><\/span><\/ins><span class=\"screen-reader-text\">Le prix actuel est\u00a0: 160,00&nbsp;&#036;.<\/span><\/div>\n\t\t\t\t\n\t\t\t\t<div class=\"wp-block-button wc-block-grid__product-add-to-cart\"><a href=\"\/fr\/wp-json\/wp\/v2\/pages\/32150?add-to-cart=32962\" aria-label=\"Ajouter au panier\u00a0: &ldquo;Voltaren&rdquo;\" data-quantity=\"1\" data-product_id=\"32962\" data-product_sku=\"\" data-price=\"160\" rel=\"nofollow\" class=\"wp-block-button__link  add_to_cart_button ajax_add_to_cart\">Ajouter au panier<\/a><\/div>\n\t\t\t<\/li><li class=\"wc-block-grid__product\">\n\t\t\t\t<a href=\"https:\/\/globepharmadubai.com\/fr\/produit\/panadol\/\" class=\"wc-block-grid__product-link\">\n\t\t\t\t\t<div class=\"wc-block-grid__product-onsale\">\n\t\t\t<span aria-hidden=\"true\">Promo<\/span>\n\t\t\t<span class=\"screen-reader-text\">Produit en promotion<\/span>\n\t\t<\/div>\n\t\t\t\t\t<div class=\"wc-block-grid__product-image\"><img loading=\"lazy\" decoding=\"async\" width=\"225\" height=\"225\" src=\"https:\/\/globepharmadubai.com\/wp-content\/uploads\/2024\/01\/download-8.jpg\" class=\"attachment-woocommerce_thumbnail size-woocommerce_thumbnail\" alt=\"Panadol\" srcset=\"https:\/\/globepharmadubai.com\/wp-content\/uploads\/2024\/01\/download-8.jpg 225w, https:\/\/globepharmadubai.com\/wp-content\/uploads\/2024\/01\/download-8-100x100.jpg 100w, https:\/\/globepharmadubai.com\/wp-content\/uploads\/2024\/01\/download-8-150x150.jpg 150w\" sizes=\"auto, (max-width: 225px) 100vw, 225px\" \/><\/div>\n\t\t\t\t\t<div class=\"wc-block-grid__product-title\">Panadol<\/div>\n\t\t\t\t<\/a>\n\t\t\t\t<div class=\"wc-block-grid__product-price price\"><del aria-hidden=\"true\"><span class=\"woocommerce-Price-amount amount\">100,00&nbsp;<span class=\"woocommerce-Price-currencySymbol\">&#036;<\/span><\/span><\/del> <span class=\"screen-reader-text\">Le prix initial \u00e9tait\u00a0: 100,00&nbsp;&#036;.<\/span><ins aria-hidden=\"true\"><span class=\"woocommerce-Price-amount amount\">70,00&nbsp;<span class=\"woocommerce-Price-currencySymbol\">&#036;<\/span><\/span><\/ins><span class=\"screen-reader-text\">Le prix actuel est\u00a0: 70,00&nbsp;&#036;.<\/span><\/div>\n\t\t\t\t\n\t\t\t\t<div class=\"wp-block-button wc-block-grid__product-add-to-cart\"><a href=\"\/fr\/wp-json\/wp\/v2\/pages\/32150?add-to-cart=32964\" aria-label=\"Ajouter au panier\u00a0: &ldquo;Panadol&rdquo;\" data-quantity=\"1\" data-product_id=\"32964\" data-product_sku=\"\" data-price=\"70\" rel=\"nofollow\" class=\"wp-block-button__link  add_to_cart_button ajax_add_to_cart\">Ajouter au panier<\/a><\/div>\n\t\t\t<\/li><li class=\"wc-block-grid__product\">\n\t\t\t\t<a href=\"https:\/\/globepharmadubai.com\/fr\/produit\/augmentin\/\" class=\"wc-block-grid__product-link\">\n\t\t\t\t\t<div class=\"wc-block-grid__product-onsale\">\n\t\t\t<span aria-hidden=\"true\">Promo<\/span>\n\t\t\t<span class=\"screen-reader-text\">Produit en promotion<\/span>\n\t\t<\/div>\n\t\t\t\t\t<div class=\"wc-block-grid__product-image\"><img loading=\"lazy\" decoding=\"async\" width=\"225\" height=\"225\" src=\"https:\/\/globepharmadubai.com\/wp-content\/uploads\/2024\/01\/download-4.jpg\" class=\"attachment-woocommerce_thumbnail size-woocommerce_thumbnail\" alt=\"Augmentin\" srcset=\"https:\/\/globepharmadubai.com\/wp-content\/uploads\/2024\/01\/download-4.jpg 225w, https:\/\/globepharmadubai.com\/wp-content\/uploads\/2024\/01\/download-4-100x100.jpg 100w, https:\/\/globepharmadubai.com\/wp-content\/uploads\/2024\/01\/download-4-150x150.jpg 150w\" sizes=\"auto, (max-width: 225px) 100vw, 225px\" \/><\/div>\n\t\t\t\t\t<div class=\"wc-block-grid__product-title\">Augmentin<\/div>\n\t\t\t\t<\/a>\n\t\t\t\t<div class=\"wc-block-grid__product-price price\"><del aria-hidden=\"true\"><span class=\"woocommerce-Price-amount amount\">250,00&nbsp;<span class=\"woocommerce-Price-currencySymbol\">&#036;<\/span><\/span><\/del> <span class=\"screen-reader-text\">Le prix initial \u00e9tait\u00a0: 250,00&nbsp;&#036;.<\/span><ins aria-hidden=\"true\"><span class=\"woocommerce-Price-amount amount\">200,00&nbsp;<span class=\"woocommerce-Price-currencySymbol\">&#036;<\/span><\/span><\/ins><span class=\"screen-reader-text\">Le prix actuel est\u00a0: 200,00&nbsp;&#036;.<\/span><\/div>\n\t\t\t\t\n\t\t\t\t<div class=\"wp-block-button wc-block-grid__product-add-to-cart\"><a href=\"\/fr\/wp-json\/wp\/v2\/pages\/32150?add-to-cart=32966\" aria-label=\"Ajouter au panier\u00a0: &ldquo;Augmentin&rdquo;\" data-quantity=\"1\" data-product_id=\"32966\" data-product_sku=\"\" data-price=\"200\" rel=\"nofollow\" class=\"wp-block-button__link  add_to_cart_button ajax_add_to_cart\">Ajouter au panier<\/a><\/div>\n\t\t\t<\/li><\/ul><\/div><\/div>\n<\/div>\n","protected":false},"excerpt":{"rendered":"Vous pourriez \u00eatre int\u00e9ress\u00e9 par... Votre panier est actuellement vide ! Nouveau en magasin","protected":false},"author":1,"featured_media":0,"parent":0,"menu_order":0,"comment_status":"closed","ping_status":"closed","template":"","meta":{"om_disable_all_campaigns":false,"_monsterinsights_skip_tracking":false,"_monsterinsights_sitenote_active":false,"_monsterinsights_sitenote_note":"","_monsterinsights_sitenote_category":0,"footnotes":""},"class_list":["post-32150","page","type-page","status-publish","hentry"],"aioseo_notices":[],"_links":{"self":[{"href":"https:\/\/globepharmadubai.com\/fr\/wp-json\/wp\/v2\/pages\/32150","targetHints":{"allow":["GET"]}}],"collection":[{"href":"https:\/\/globepharmadubai.com\/fr\/wp-json\/wp\/v2\/pages"}],"about":[{"href":"https:\/\/globepharmadubai.com\/fr\/wp-json\/wp\/v2\/types\/page"}],"author":[{"embeddable":true,"href":"https:\/\/globepharmadubai.com\/fr\/wp-json\/wp\/v2\/users\/1"}],"replies":[{"embeddable":true,"href":"https:\/\/globepharmadubai.com\/fr\/wp-json\/wp\/v2\/comments?post=32150"}],"version-history":[{"count":2,"href":"https:\/\/globepharmadubai.com\/fr\/wp-json\/wp\/v2\/pages\/32150\/revisions"}],"predecessor-version":[{"id":32794,"href":"https:\/\/globepharmadubai.com\/fr\/wp-json\/wp\/v2\/pages\/32150\/revisions\/32794"}],"wp:attachment":[{"href":"https:\/\/globepharmadubai.com\/fr\/wp-json\/wp\/v2\/media?parent=32150"}],"curies":[{"name":"wp","href":"https:\/\/api.w.org\/{rel}","templated":true}]}}